{"id":16428,"date":"2025-03-25T08:26:51","date_gmt":"2025-03-25T01:26:51","guid":{"rendered":"https:\/\/specco2.com\/?page_id=16428"},"modified":"2025-04-14T13:35:16","modified_gmt":"2025-04-14T06:35:16","slug":"solar-flex-pv-panels-430w","status":"publish","type":"page","link":"https:\/\/specco2.com\/vi\/integrated-photovoltaic\/solar-panels\/solar-flex-pv-panels-430w\/","title":{"rendered":"T\u1ea5m pin n\u0103ng l\u01b0\u1ee3ng m\u1eb7t tr\u1eddi Flex PV 430W"},"content":{"rendered":"","protected":false},"excerpt":{"rendered":"<p>T\u1ea5m pin linh ho\u1ea1t hi\u1ec7u su\u1ea5t cao cung c\u1ea5p c\u00f4ng su\u1ea5t 430W, l\u00fd t\u01b0\u1edfng cho c\u00e1c c\u00f4ng tr\u00ecnh l\u1eafp \u0111\u1eb7t l\u1edbn \u0111\u00f2i h\u1ecfi t\u00ednh linh ho\u1ea1t v\u00e0 \u0111\u1ed9 b\u1ec1n cao.<\/p>","protected":false},"author":1,"featured_media":16519,"parent":16417,"menu_order":0,"comment_status":"closed","ping_status":"closed","template":"","meta":{"_acf_changed":false,"uix_meta_title":"","uix_meta_description":"","uix_canonical_url":"","footnotes":""},"folder":[],"class_list":["post-16428","page","type-page","status-publish","has-post-thumbnail","hentry"],"acf":[],"_links":{"self":[{"href":"https:\/\/specco2.com\/vi\/wp-json\/wp\/v2\/pages\/16428","targetHints":{"allow":["GET"]}}],"collection":[{"href":"https:\/\/specco2.com\/vi\/wp-json\/wp\/v2\/pages"}],"about":[{"href":"https:\/\/specco2.com\/vi\/wp-json\/wp\/v2\/types\/page"}],"author":[{"embeddable":true,"href":"https:\/\/specco2.com\/vi\/wp-json\/wp\/v2\/users\/1"}],"replies":[{"embeddable":true,"href":"https:\/\/specco2.com\/vi\/wp-json\/wp\/v2\/comments?post=16428"}],"version-history":[{"count":3,"href":"https:\/\/specco2.com\/vi\/wp-json\/wp\/v2\/pages\/16428\/revisions"}],"predecessor-version":[{"id":16962,"href":"https:\/\/specco2.com\/vi\/wp-json\/wp\/v2\/pages\/16428\/revisions\/16962"}],"up":[{"embeddable":true,"href":"https:\/\/specco2.com\/vi\/wp-json\/wp\/v2\/pages\/16417"}],"wp:featuredmedia":[{"embeddable":true,"href":"https:\/\/specco2.com\/vi\/wp-json\/wp\/v2\/media\/16519"}],"wp:attachment":[{"href":"https:\/\/specco2.com\/vi\/wp-json\/wp\/v2\/media?parent=16428"}],"wp:term":[{"taxonomy":"folder","embeddable":true,"href":"https:\/\/specco2.com\/vi\/wp-json\/wp\/v2\/folder?post=16428"}],"curies":[{"name":"wp","href":"https:\/\/api.w.org\/{rel}","templated":true}]}}